{"id":20,"date":"2023-05-02T14:59:31","date_gmt":"2023-05-02T17:59:31","guid":{"rendered":"https:\/\/tubesteel.com.br\/blog\/?page_id=20"},"modified":"2023-06-20T11:34:15","modified_gmt":"2023-06-20T14:34:15","slug":"home","status":"publish","type":"page","link":"https:\/\/tubesteel.com.br\/blog\/","title":{"rendered":"Home"},"content":{"rendered":"\n<h1>\n\t\tBlog Tubesteel\n\t<\/h1>\n\t<p>Informa\u00e7\u00f5es para os especialistas em a\u00e7o carbono e inox<\/p>\n\t\t\t<a href=\"https:\/\/tubesteel.com.br\/blog\/category\/linha-carbono\/\" target=\"_self\" role=\"button\" rel=\"noopener\">\n\t\t\t\t\t\t\tLinha Carbono\n\t\t\t\t\t<\/a>\n\t\t\t<a href=\"https:\/\/tubesteel.com.br\/blog\/category\/linha-inox\/\" target=\"_self\" role=\"button\" rel=\"noopener\">\n\t\t\t\t\t\t\tLinha Inox\n\t\t\t\t\t<\/a>\n\t\t\t<a href=\"https:\/\/tubesteel.com.br\/blog\/category\/tubos\/\" target=\"_self\" role=\"button\" rel=\"noopener\">\n\t\t\t\t\t\t\tTubos\n\t\t\t\t\t<\/a>\n\t\t\t<a href=\"https:\/\/tubesteel.com.br\/blog\/category\/barras\/\" target=\"_self\" role=\"button\" rel=\"noopener\">\n\t\t\t\t\t\t\tBarras\n\t\t\t\t\t<\/a>\n\t\t\t<a href=\"https:\/\/tubesteel.com.br\/blog\/category\/chapas\/\" target=\"_self\" role=\"button\" rel=\"noopener\">\n\t\t\t\t\t\t\tChapas\n\t\t\t\t\t<\/a>\n\t\t\t<a href=\"https:\/\/tubesteel.com.br\/blog\/category\/destaques\/\" target=\"_self\" role=\"button\" rel=\"noopener\">\n\t\t\t\t\t\t\tDestaques\n\t\t\t\t\t<\/a>\n<h2>\n\t\tAssuntos em alta\n\t<\/h2>\n<h3>\n\t\tTodas as publica\u00e7\u00f5es\n\t<\/h3>\n\t<h3>Deseja receber not\u00edcias e novidades em primeira m\u00e3o?<\/h3>\n\n","protected":false},"excerpt":{"rendered":"<p>Blog Tubesteel Informa\u00e7\u00f5es para os especialistas em a\u00e7o carbono e inox Linha Carbono Linha Inox Tubos Barras Chapas Destaques Assuntos em alta Todas as publica\u00e7\u00f5es Deseja receber not\u00edcias e novidades em primeira m\u00e3o?<\/p>\n","protected":false},"author":1,"featured_media":0,"parent":0,"menu_order":0,"comment_status":"closed","ping_status":"closed","template":"","meta":{"_kad_post_transparent":"","_kad_post_title":"","_kad_post_layout":"","_kad_post_sidebar_id":"","_kad_post_content_style":"","_kad_post_vertical_padding":"","_kad_post_feature":"","_kad_post_feature_position":"","_kad_post_header":false,"_kad_post_footer":false,"footnotes":""},"class_list":["post-20","page","type-page","status-publish","hentry"],"_links":{"self":[{"href":"https:\/\/tubesteel.com.br\/blog\/wp-json\/wp\/v2\/pages\/20","targetHints":{"allow":["GET"]}}],"collection":[{"href":"https:\/\/tubesteel.com.br\/blog\/wp-json\/wp\/v2\/pages"}],"about":[{"href":"https:\/\/tubesteel.com.br\/blog\/wp-json\/wp\/v2\/types\/page"}],"author":[{"embeddable":true,"href":"https:\/\/tubesteel.com.br\/blog\/wp-json\/wp\/v2\/users\/1"}],"replies":[{"embeddable":true,"href":"https:\/\/tubesteel.com.br\/blog\/wp-json\/wp\/v2\/comments?post=20"}],"version-history":[{"count":23,"href":"https:\/\/tubesteel.com.br\/blog\/wp-json\/wp\/v2\/pages\/20\/revisions"}],"predecessor-version":[{"id":283,"href":"https:\/\/tubesteel.com.br\/blog\/wp-json\/wp\/v2\/pages\/20\/revisions\/283"}],"wp:attachment":[{"href":"https:\/\/tubesteel.com.br\/blog\/wp-json\/wp\/v2\/media?parent=20"}],"curies":[{"name":"wp","href":"https:\/\/api.w.org\/{rel}","templated":true}]}}